{"id":44,"date":"2010-12-23T12:41:32","date_gmt":"2010-12-23T12:41:32","guid":{"rendered":"http:\/\/www.sozialromantiker-stpauli.de\/wordpress\/?page_id=44"},"modified":"2010-12-23T12:41:32","modified_gmt":"2010-12-23T12:41:32","slug":"impressum","status":"publish","type":"page","link":"http:\/\/www.sozialromantiker-stpauli.de\/wordpress\/?page_id=44","title":{"rendered":"Impressum"},"content":{"rendered":"<p>Sozialromantiker Sankt Pauli<br \/>\nBrigittenstrasse 3<br \/>\n20359 Hamburg<br \/>\nE-Mail: info@sozialromantiker-stpauli.de<br \/>\nInternet: www.sozialromantiker-stpauli.de  <\/p>\n<p>Inhaltlich Verantwortlicher gem\u00e4\u00df \u00a7 55 Abs. 2 RStV: Das Ini-Kollektiv<\/p>\n<p>Haftungshinweis: Trotz sorgf\u00e4ltiger inhaltlicher Kontrolle \u00fcbernehmen wir keine Haftung f\u00fcr die Inhalte externer Links. F\u00fcr den Inhalt der verlinkten Seiten sind ausschlie\u00dflich deren Betreiber verantwortlich.<\/p>\n<p>Urheberrecht<br \/>\nDie durch den Betreiber dieser Seite erstellten Inhalte und Werke auf diesen Webseiten unterliegen dem deutschen Urheberrecht. S\u00e4mtliche Beitr\u00e4ge Dritter sind als solche gekennzeichnet. Die Vervielf\u00e4ltigung, Bearbeitung, Verbreitung und jede Art der Verwertung bed\u00fcrfen der Zustimmung des jeweiligen Autors bzw. Erstellers. Kopien von diesen Seiten sind nur unter Angabe der Herkunft gestattet.<\/p>\n<p>Datenschutz<br \/>\nF\u00fcr die Sicherheit der Daten\u00fcbertragung im Internet k\u00f6nnen wir keine Gew\u00e4hr \u00fcbernehmen, insbesondere besteht bei der \u00dcbertragung von Daten per E-Mail die Gefahr des Zugriffs durch Dritte. Im Falle der Erhebung personenbezogener Daten auf unseren Seiten erfolgt die Preisgabe dieser Daten seitens des Nutzers stets auf freiwilliger Basis. Einer Nutzung der im Impressum ver\u00f6ffentlichten Kontaktdaten durch Dritte zu Werbezwecken wird hiermit ausdr\u00fccklich widersprochen. Der Betreiber beh\u00e4lt sich f\u00fcr den Fall unverlangt zugesandter Werbe- oder Informationsmaterialien ausdr\u00fccklich rechtliche Schritte vor.<\/p>\n","protected":false},"excerpt":{"rendered":"<p>Sozialromantiker Sankt Pauli Brigittenstrasse 3 20359 Hamburg E-Mail: info@sozialromantiker-stpauli.de Internet: www.sozialromantiker-stpauli.de Inhaltlich Verantwortlicher gem\u00e4\u00df \u00a7 55 Abs. 2 RStV: Das Ini-Kollektiv Haftungshinweis: Trotz sorgf\u00e4ltiger inhaltlicher Kontrolle \u00fcbernehmen wir keine Haftung f\u00fcr die Inhalte externer Links. F\u00fcr den Inhalt der verlinkten &hellip; <a href=\"http:\/\/www.sozialromantiker-stpauli.de\/wordpress\/?page_id=44\">Weiterlesen <span class=\"meta-nav\">&rarr;<\/span><\/a><\/p>\n","protected":false},"author":1,"featured_media":0,"parent":0,"menu_order":99,"comment_status":"open","ping_status":"open","template":"","meta":{"ngg_post_thumbnail":0,"footnotes":""},"class_list":["post-44","page","type-page","status-publish","hentry"],"_links":{"self":[{"href":"http:\/\/www.sozialromantiker-stpauli.de\/wordpress\/index.php?rest_route=\/wp\/v2\/pages\/44","targetHints":{"allow":["GET"]}}],"collection":[{"href":"http:\/\/www.sozialromantiker-stpauli.de\/wordpress\/index.php?rest_route=\/wp\/v2\/pages"}],"about":[{"href":"http:\/\/www.sozialromantiker-stpauli.de\/wordpress\/index.php?rest_route=\/wp\/v2\/types\/page"}],"author":[{"embeddable":true,"href":"http:\/\/www.sozialromantiker-stpauli.de\/wordpress\/index.php?rest_route=\/wp\/v2\/users\/1"}],"replies":[{"embeddable":true,"href":"http:\/\/www.sozialromantiker-stpauli.de\/wordpress\/index.php?rest_route=%2Fwp%2Fv2%2Fcomments&post=44"}],"version-history":[{"count":2,"href":"http:\/\/www.sozialromantiker-stpauli.de\/wordpress\/index.php?rest_route=\/wp\/v2\/pages\/44\/revisions"}],"predecessor-version":[{"id":46,"href":"http:\/\/www.sozialromantiker-stpauli.de\/wordpress\/index.php?rest_route=\/wp\/v2\/pages\/44\/revisions\/46"}],"wp:attachment":[{"href":"http:\/\/www.sozialromantiker-stpauli.de\/wordpress\/index.php?rest_route=%2Fwp%2Fv2%2Fmedia&parent=44"}],"curies":[{"name":"wp","href":"https:\/\/api.w.org\/{rel}","templated":true}]}}