{"id":18,"date":"2010-12-22T23:34:12","date_gmt":"2010-12-22T23:34:12","guid":{"rendered":"http:\/\/www.sozialromantiker-stpauli.de\/wordpress\/?page_id=18"},"modified":"2010-12-22T23:34:31","modified_gmt":"2010-12-22T23:34:31","slug":"wer-wir-sind","status":"publish","type":"page","link":"http:\/\/www.sozialromantiker-stpauli.de\/wordpress\/?page_id=18","title":{"rendered":"Wer wir sind"},"content":{"rendered":"<p>Die &#8222;Sozialromantiker-Initiative&#8220; ist eine ungebundene Aktionsgruppe, die sich aus verschiedenen Kr\u00e4ften der Fanszene des FC St.Pauli zusammensetzt und es sich zum Ziel gesetzt hat, den Verein hinsichtlich der fortschreitenden Kommerzialisierung des profifu\u00dfballs und deren Auswirkungen auf Mitglieder und Fanszene konstruktiv und kritisch zu begleiten.<\/p>\n<p>Erstmals trat diese Gruppe von Fans im Fr\u00fchjahr 2008 \u00f6ffentlichkeitswirksam auf, als sie beim FC St. Pauli mittels einer Online-Unterschriftenaktion und anschlie\u00dfenden Gespr\u00e4chen mit Vereinsverantwortlichen und dem Stadion-Caterer die Einf\u00fchrung der stadionweit geplanten Alternativw\u00e4hrung &#8222;Millerntaler&#8220; verhinderte. Im Zuge dieses Prozess nannte St. Paulis Pr\u00e4sident Corny Littmann Fans mit unserer Denkweise \u00f6ffentlich &#8222;Sozialromantiker&#8220;<\/p>\n","protected":false},"excerpt":{"rendered":"<p>Die &#8222;Sozialromantiker-Initiative&#8220; ist eine ungebundene Aktionsgruppe, die sich aus verschiedenen Kr\u00e4ften der Fanszene des FC St.Pauli zusammensetzt und es sich zum Ziel gesetzt hat, den Verein hinsichtlich der fortschreitenden Kommerzialisierung des profifu\u00dfballs und deren Auswirkungen auf Mitglieder und Fanszene konstruktiv &hellip; <a href=\"http:\/\/www.sozialromantiker-stpauli.de\/wordpress\/?page_id=18\">Weiterlesen <span class=\"meta-nav\">&rarr;<\/span><\/a><\/p>\n","protected":false},"author":1,"featured_media":0,"parent":0,"menu_order":0,"comment_status":"closed","ping_status":"open","template":"","meta":{"ngg_post_thumbnail":0,"footnotes":""},"class_list":["post-18","page","type-page","status-publish","hentry"],"_links":{"self":[{"href":"http:\/\/www.sozialromantiker-stpauli.de\/wordpress\/index.php?rest_route=\/wp\/v2\/pages\/18","targetHints":{"allow":["GET"]}}],"collection":[{"href":"http:\/\/www.sozialromantiker-stpauli.de\/wordpress\/index.php?rest_route=\/wp\/v2\/pages"}],"about":[{"href":"http:\/\/www.sozialromantiker-stpauli.de\/wordpress\/index.php?rest_route=\/wp\/v2\/types\/page"}],"author":[{"embeddable":true,"href":"http:\/\/www.sozialromantiker-stpauli.de\/wordpress\/index.php?rest_route=\/wp\/v2\/users\/1"}],"replies":[{"embeddable":true,"href":"http:\/\/www.sozialromantiker-stpauli.de\/wordpress\/index.php?rest_route=%2Fwp%2Fv2%2Fcomments&post=18"}],"version-history":[{"count":2,"href":"http:\/\/www.sozialromantiker-stpauli.de\/wordpress\/index.php?rest_route=\/wp\/v2\/pages\/18\/revisions"}],"predecessor-version":[{"id":20,"href":"http:\/\/www.sozialromantiker-stpauli.de\/wordpress\/index.php?rest_route=\/wp\/v2\/pages\/18\/revisions\/20"}],"wp:attachment":[{"href":"http:\/\/www.sozialromantiker-stpauli.de\/wordpress\/index.php?rest_route=%2Fwp%2Fv2%2Fmedia&parent=18"}],"curies":[{"name":"wp","href":"https:\/\/api.w.org\/{rel}","templated":true}]}}